{"id":33,"date":"2024-03-29T12:17:22","date_gmt":"2024-03-29T12:17:22","guid":{"rendered":"https:\/\/lasseslos.ch\/?page_id=33"},"modified":"2024-03-29T20:08:04","modified_gmt":"2024-03-29T20:08:04","slug":"herzlich-willkommen-auf-meinem-blog","status":"publish","type":"page","link":"https:\/\/lasseslos.ch\/index.php\/herzlich-willkommen-auf-meinem-blog\/","title":{"rendered":"Herzlich Willkommen auf meinem Blog"},"content":{"rendered":"\n<p>Halten Dich Deine Gedanke auch immer wieder mal auf Trab&#8230; und sie k\u00f6nnen nicht raus, weil Dir ein entsprechendes Gegen\u00fcber in Form eines Zuh\u00f6rers oder eines Blogs fehlt? Weisst Du nicht, was Du mit all den Gedanken anfangen sollst, was sie Dir mitteilen m\u00f6chten, warum sie gerade jetzt &#8222;nerven&#8220; oder Dich verunsichern?<br><br>Getraust Du Dich nicht, jemanden davon zu erz\u00e4hlen und hast auch keine Lust, ein Tagebuch zu f\u00fchren?<br><br><strong>Dann bist Du hier genau richtig!<\/strong><br><br>Lass Dich von meinen Themen, Gedanken inspirieren, selbst an die Arbeit zu gehen und aus deinen Gedanken mehr zu machen. Pack es an&#8230; lass es los&#8230; es gibt sie noch, Menschen die Dir offen und respektvoll zuh\u00f6ren ohne zu werten! Lass es los&#8230; f\u00fchl dich frei, denn du bist der wichtigste Mensch deines Lebens!<\/p>\n\n\n\n<p>Sei mit dabei auf meiner Reise ins neue Zeitalter, wo Gedanken die Welt ver\u00e4ndern werden!<\/p>\n\n\n\n<p>Mit ganz viel Empathie<\/p>\n\n\n\n<p>Marcel Degen<\/p>\n","protected":false},"excerpt":{"rendered":"<p>Halten Dich Deine Gedanke auch immer wieder mal auf Trab&#8230; und sie k\u00f6nnen nicht raus, weil Dir ein entsprechendes Gegen\u00fcber in Form eines Zuh\u00f6rers oder eines Blogs fehlt? Weisst Du nicht, was Du mit all den Gedanken anfangen sollst, was sie Dir mitteilen m\u00f6chten, warum sie gerade jetzt &#8222;nerven&#8220; oder Dich verunsichern? Getraust Du Dich [&hellip;]<\/p>\n","protected":false},"author":1,"featured_media":0,"parent":0,"menu_order":0,"comment_status":"closed","ping_status":"closed","template":"","meta":{"footnotes":""},"class_list":["post-33","page","type-page","status-publish","hentry"],"_links":{"self":[{"href":"https:\/\/lasseslos.ch\/index.php\/wp-json\/wp\/v2\/pages\/33","targetHints":{"allow":["GET"]}}],"collection":[{"href":"https:\/\/lasseslos.ch\/index.php\/wp-json\/wp\/v2\/pages"}],"about":[{"href":"https:\/\/lasseslos.ch\/index.php\/wp-json\/wp\/v2\/types\/page"}],"author":[{"embeddable":true,"href":"https:\/\/lasseslos.ch\/index.php\/wp-json\/wp\/v2\/users\/1"}],"replies":[{"embeddable":true,"href":"https:\/\/lasseslos.ch\/index.php\/wp-json\/wp\/v2\/comments?post=33"}],"version-history":[{"count":8,"href":"https:\/\/lasseslos.ch\/index.php\/wp-json\/wp\/v2\/pages\/33\/revisions"}],"predecessor-version":[{"id":154,"href":"https:\/\/lasseslos.ch\/index.php\/wp-json\/wp\/v2\/pages\/33\/revisions\/154"}],"wp:attachment":[{"href":"https:\/\/lasseslos.ch\/index.php\/wp-json\/wp\/v2\/media?parent=33"}],"curies":[{"name":"wp","href":"https:\/\/api.w.org\/{rel}","templated":true}]}}